{"id":4857,"date":"2023-09-29T12:17:54","date_gmt":"2023-09-29T12:17:54","guid":{"rendered":"https:\/\/sanlager.infozelt.de\/?post_type=product&#038;p=4857"},"modified":"2024-07-07T08:11:11","modified_gmt":"2024-07-07T08:11:11","slug":"kopfband-fuer-beatmungsmaske","status":"publish","type":"product","link":"https:\/\/sanlager.infozelt.de\/?product=kopfband-fuer-beatmungsmaske","title":{"rendered":"Kopfband f\u00fcr Beatmungsmaske"},"content":{"rendered":"<p>Kopfband f\u00fcr Beatmungsmaske (nur f\u00fcr Meduvent Standard)<\/p>\n","protected":false},"excerpt":{"rendered":"<p>Beh\u00e4ltnisse\/Fahrzeuge:<br \/>\nBeatmungsger\u00e4t Meduvent Standard (Intensivkomponente)<\/p>\n","protected":false},"featured_media":0,"template":"","meta":[],"product_brand":[],"product_cat":[27,16],"product_tag":[],"class_list":{"0":"post-4857","1":"product","2":"type-product","3":"status-publish","5":"product_cat-intensivkomponente","6":"product_cat-verbrauchmaterial","8":"first","9":"instock","10":"shipping-taxable","11":"purchasable","12":"product-type-simple"},"_links":{"self":[{"href":"https:\/\/sanlager.infozelt.de\/index.php?rest_route=\/wp\/v2\/product\/4857","targetHints":{"allow":["GET"]}}],"collection":[{"href":"https:\/\/sanlager.infozelt.de\/index.php?rest_route=\/wp\/v2\/product"}],"about":[{"href":"https:\/\/sanlager.infozelt.de\/index.php?rest_route=\/wp\/v2\/types\/product"}],"wp:attachment":[{"href":"https:\/\/sanlager.infozelt.de\/index.php?rest_route=%2Fwp%2Fv2%2Fmedia&parent=4857"}],"wp:term":[{"taxonomy":"product_brand","embeddable":true,"href":"https:\/\/sanlager.infozelt.de\/index.php?rest_route=%2Fwp%2Fv2%2Fproduct_brand&post=4857"},{"taxonomy":"product_cat","embeddable":true,"href":"https:\/\/sanlager.infozelt.de\/index.php?rest_route=%2Fwp%2Fv2%2Fproduct_cat&post=4857"},{"taxonomy":"product_tag","embeddable":true,"href":"https:\/\/sanlager.infozelt.de\/index.php?rest_route=%2Fwp%2Fv2%2Fproduct_tag&post=4857"}],"curies":[{"name":"wp","href":"https:\/\/api.w.org\/{rel}","templated":true}]}}