{"id":4566,"date":"2022-03-26T13:35:15","date_gmt":"2022-03-26T13:35:15","guid":{"rendered":"https:\/\/sanlager.infozelt.de\/?post_type=product&#038;p=4566"},"modified":"2022-03-26T13:35:15","modified_gmt":"2022-03-26T13:35:15","slug":"pflaster-set-fuer-din-fuellungen","status":"publish","type":"product","link":"https:\/\/sanlager.infozelt.de\/?product=pflaster-set-fuer-din-fuellungen","title":{"rendered":"Pflaster-Set f\u00fcr DIN F\u00fcllungen"},"content":{"rendered":"<p>Pflaster-Set f\u00fcr DIN F\u00fcllungen (Pflasterstrip-Sortiment)<\/p>\n","protected":false},"excerpt":{"rendered":"<p>Beh\u00e4ltnisse\/Fahrzeuge:<br \/>\nKTW<\/p>\n","protected":false},"featured_media":0,"template":"","meta":[],"product_brand":[],"product_cat":[21,16],"product_tag":[],"class_list":{"0":"post-4566","1":"product","2":"type-product","3":"status-publish","5":"product_cat-ktw","6":"product_cat-verbrauchmaterial","8":"first","9":"instock","10":"shipping-taxable","11":"purchasable","12":"product-type-simple"},"_links":{"self":[{"href":"https:\/\/sanlager.infozelt.de\/index.php?rest_route=\/wp\/v2\/product\/4566","targetHints":{"allow":["GET"]}}],"collection":[{"href":"https:\/\/sanlager.infozelt.de\/index.php?rest_route=\/wp\/v2\/product"}],"about":[{"href":"https:\/\/sanlager.infozelt.de\/index.php?rest_route=\/wp\/v2\/types\/product"}],"wp:attachment":[{"href":"https:\/\/sanlager.infozelt.de\/index.php?rest_route=%2Fwp%2Fv2%2Fmedia&parent=4566"}],"wp:term":[{"taxonomy":"product_brand","embeddable":true,"href":"https:\/\/sanlager.infozelt.de\/index.php?rest_route=%2Fwp%2Fv2%2Fproduct_brand&post=4566"},{"taxonomy":"product_cat","embeddable":true,"href":"https:\/\/sanlager.infozelt.de\/index.php?rest_route=%2Fwp%2Fv2%2Fproduct_cat&post=4566"},{"taxonomy":"product_tag","embeddable":true,"href":"https:\/\/sanlager.infozelt.de\/index.php?rest_route=%2Fwp%2Fv2%2Fproduct_tag&post=4566"}],"curies":[{"name":"wp","href":"https:\/\/api.w.org\/{rel}","templated":true}]}}