{"id":4360,"date":"2021-06-27T19:46:52","date_gmt":"2021-06-27T19:46:52","guid":{"rendered":"https:\/\/sanlager.infozelt.de\/?post_type=product&#038;p=4360"},"modified":"2022-03-18T22:25:48","modified_gmt":"2022-03-18T22:25:48","slug":"birne-fuer-spatel","status":"publish","type":"product","link":"https:\/\/sanlager.infozelt.de\/?product=birne-fuer-spatel","title":{"rendered":"Birne f\u00fcr Laryngoskopspatel"},"content":{"rendered":"<p>Birne f\u00fcr Laryngoskopspatel, verschiedene Gr\u00f6\u00dfen<\/p>\n","protected":false},"excerpt":{"rendered":"<p>Beh\u00e4ltnisse\/Fahrzeuge:<br \/>\nKiste Sondermodule, BlueBag, DocBag, KTW<\/p>\n","protected":false},"featured_media":0,"template":"","meta":[],"product_brand":[],"product_cat":[27,21,16],"product_tag":[],"class_list":{"0":"post-4360","1":"product","2":"type-product","3":"status-publish","5":"product_cat-intensivkomponente","6":"product_cat-ktw","7":"product_cat-verbrauchmaterial","9":"first","10":"instock","11":"shipping-taxable","12":"purchasable","13":"product-type-variable"},"_links":{"self":[{"href":"https:\/\/sanlager.infozelt.de\/index.php?rest_route=\/wp\/v2\/product\/4360","targetHints":{"allow":["GET"]}}],"collection":[{"href":"https:\/\/sanlager.infozelt.de\/index.php?rest_route=\/wp\/v2\/product"}],"about":[{"href":"https:\/\/sanlager.infozelt.de\/index.php?rest_route=\/wp\/v2\/types\/product"}],"wp:attachment":[{"href":"https:\/\/sanlager.infozelt.de\/index.php?rest_route=%2Fwp%2Fv2%2Fmedia&parent=4360"}],"wp:term":[{"taxonomy":"product_brand","embeddable":true,"href":"https:\/\/sanlager.infozelt.de\/index.php?rest_route=%2Fwp%2Fv2%2Fproduct_brand&post=4360"},{"taxonomy":"product_cat","embeddable":true,"href":"https:\/\/sanlager.infozelt.de\/index.php?rest_route=%2Fwp%2Fv2%2Fproduct_cat&post=4360"},{"taxonomy":"product_tag","embeddable":true,"href":"https:\/\/sanlager.infozelt.de\/index.php?rest_route=%2Fwp%2Fv2%2Fproduct_tag&post=4360"}],"curies":[{"name":"wp","href":"https:\/\/api.w.org\/{rel}","templated":true}]}}