{"id":4349,"date":"2021-06-27T19:46:47","date_gmt":"2021-06-27T19:46:47","guid":{"rendered":"https:\/\/sanlager.infozelt.de\/?post_type=product&#038;p=4349"},"modified":"2022-03-26T21:20:59","modified_gmt":"2022-03-26T21:20:59","slug":"eimer-mit-deckel-5-liter","status":"publish","type":"product","link":"https:\/\/sanlager.infozelt.de\/?product=eimer-mit-deckel-5-liter","title":{"rendered":"Eimer mit Deckel (5 Liter, dichtschlie\u00dfend)"},"content":{"rendered":"<p>Eimer mit Deckel (5 Liter, dichtschlie\u00dfend) f\u00fcr Magensp\u00fclset<\/p>\n","protected":false},"excerpt":{"rendered":"<p>Beh\u00e4ltnisse\/Fahrzeuge:<br \/>\nKTW<\/p>\n<p><b>Zus\u00e4tzlich zur Bestellung ist eine Schadens- oder Verlustmeldung erforderlich!<\/b><\/p>\n","protected":false},"featured_media":0,"template":"","meta":[],"product_brand":[],"product_cat":[17,21],"product_tag":[],"class_list":{"0":"post-4349","1":"product","2":"type-product","3":"status-publish","5":"product_cat-gebrauchmaterial","6":"product_cat-ktw","8":"first","9":"instock","10":"shipping-taxable","11":"purchasable","12":"product-type-simple"},"_links":{"self":[{"href":"https:\/\/sanlager.infozelt.de\/index.php?rest_route=\/wp\/v2\/product\/4349","targetHints":{"allow":["GET"]}}],"collection":[{"href":"https:\/\/sanlager.infozelt.de\/index.php?rest_route=\/wp\/v2\/product"}],"about":[{"href":"https:\/\/sanlager.infozelt.de\/index.php?rest_route=\/wp\/v2\/types\/product"}],"wp:attachment":[{"href":"https:\/\/sanlager.infozelt.de\/index.php?rest_route=%2Fwp%2Fv2%2Fmedia&parent=4349"}],"wp:term":[{"taxonomy":"product_brand","embeddable":true,"href":"https:\/\/sanlager.infozelt.de\/index.php?rest_route=%2Fwp%2Fv2%2Fproduct_brand&post=4349"},{"taxonomy":"product_cat","embeddable":true,"href":"https:\/\/sanlager.infozelt.de\/index.php?rest_route=%2Fwp%2Fv2%2Fproduct_cat&post=4349"},{"taxonomy":"product_tag","embeddable":true,"href":"https:\/\/sanlager.infozelt.de\/index.php?rest_route=%2Fwp%2Fv2%2Fproduct_tag&post=4349"}],"curies":[{"name":"wp","href":"https:\/\/api.w.org\/{rel}","templated":true}]}}