{"id":4339,"date":"2021-06-27T19:46:47","date_gmt":"2021-06-27T19:46:47","guid":{"rendered":"https:\/\/sanlager.infozelt.de\/?post_type=product&#038;p=4339"},"modified":"2022-03-26T17:11:54","modified_gmt":"2022-03-26T17:11:54","slug":"verbandpaeckchen","status":"publish","type":"product","link":"https:\/\/sanlager.infozelt.de\/?product=verbandpaeckchen","title":{"rendered":"Verbandp\u00e4ckchen"},"content":{"rendered":"<p>Verbandp\u00e4ckchen, verschiedene Gr\u00f6\u00dfen<\/p>\n<p>&nbsp;<\/p>\n","protected":false},"excerpt":{"rendered":"<p>Beh\u00e4ltnisse\/Fahrzeuge:<br \/>\nKiste Erstversorgung, Kiste Ersatzmaterial, RedBag, Fahrradtasche (chirurgisch), KTW, GW San<\/p>\n<p><strong>Die Gr\u00f6\u00dfen &#8220;klein &#8221; und &#8220;gro\u00df&#8221; sind nur auf dem GW San und\/oder dem KTW in Verwendung.<\/strong><\/p>\n","protected":false},"featured_media":0,"template":"","meta":[],"product_brand":[],"product_cat":[23,21,16],"product_tag":[],"class_list":{"0":"post-4339","1":"product","2":"type-product","3":"status-publish","5":"product_cat-gwsan","6":"product_cat-ktw","7":"product_cat-verbrauchmaterial","9":"first","10":"instock","11":"shipping-taxable","12":"purchasable","13":"product-type-variable"},"_links":{"self":[{"href":"https:\/\/sanlager.infozelt.de\/index.php?rest_route=\/wp\/v2\/product\/4339","targetHints":{"allow":["GET"]}}],"collection":[{"href":"https:\/\/sanlager.infozelt.de\/index.php?rest_route=\/wp\/v2\/product"}],"about":[{"href":"https:\/\/sanlager.infozelt.de\/index.php?rest_route=\/wp\/v2\/types\/product"}],"wp:attachment":[{"href":"https:\/\/sanlager.infozelt.de\/index.php?rest_route=%2Fwp%2Fv2%2Fmedia&parent=4339"}],"wp:term":[{"taxonomy":"product_brand","embeddable":true,"href":"https:\/\/sanlager.infozelt.de\/index.php?rest_route=%2Fwp%2Fv2%2Fproduct_brand&post=4339"},{"taxonomy":"product_cat","embeddable":true,"href":"https:\/\/sanlager.infozelt.de\/index.php?rest_route=%2Fwp%2Fv2%2Fproduct_cat&post=4339"},{"taxonomy":"product_tag","embeddable":true,"href":"https:\/\/sanlager.infozelt.de\/index.php?rest_route=%2Fwp%2Fv2%2Fproduct_tag&post=4339"}],"curies":[{"name":"wp","href":"https:\/\/api.w.org\/{rel}","templated":true}]}}