{"id":4257,"date":"2021-06-27T19:46:29","date_gmt":"2021-06-27T19:46:29","guid":{"rendered":"https:\/\/sanlager.infozelt.de\/?post_type=product&#038;p=4257"},"modified":"2022-03-26T12:52:44","modified_gmt":"2022-03-26T12:52:44","slug":"magill-zange","status":"publish","type":"product","link":"https:\/\/sanlager.infozelt.de\/?product=magill-zange","title":{"rendered":"Magill-Zange"},"content":{"rendered":"<p>Magill-Zange, verschiedene Gr\u00f6\u00dfen<\/p>\n","protected":false},"excerpt":{"rendered":"<p>Beh\u00e4ltnisse\/Fahrzeuge:<br \/>\nKiste Sondermodule, BlueBag, DocBag, KTW<\/p>\n<p><em>Die Gr\u00f6\u00dfen klein und gro\u00df sind nur auf dem KTW verlastet.<\/em><\/p>\n<p><b>Zus\u00e4tzlich zur Bestellung ist eine Schadens- oder Verlustmeldung erforderlich!<\/b><\/p>\n","protected":false},"featured_media":0,"template":"","meta":[],"product_brand":[],"product_cat":[17,27,21],"product_tag":[],"class_list":{"0":"post-4257","1":"product","2":"type-product","3":"status-publish","5":"product_cat-gebrauchmaterial","6":"product_cat-intensivkomponente","7":"product_cat-ktw","9":"first","10":"instock","11":"shipping-taxable","12":"purchasable","13":"product-type-variable"},"_links":{"self":[{"href":"https:\/\/sanlager.infozelt.de\/index.php?rest_route=\/wp\/v2\/product\/4257","targetHints":{"allow":["GET"]}}],"collection":[{"href":"https:\/\/sanlager.infozelt.de\/index.php?rest_route=\/wp\/v2\/product"}],"about":[{"href":"https:\/\/sanlager.infozelt.de\/index.php?rest_route=\/wp\/v2\/types\/product"}],"wp:attachment":[{"href":"https:\/\/sanlager.infozelt.de\/index.php?rest_route=%2Fwp%2Fv2%2Fmedia&parent=4257"}],"wp:term":[{"taxonomy":"product_brand","embeddable":true,"href":"https:\/\/sanlager.infozelt.de\/index.php?rest_route=%2Fwp%2Fv2%2Fproduct_brand&post=4257"},{"taxonomy":"product_cat","embeddable":true,"href":"https:\/\/sanlager.infozelt.de\/index.php?rest_route=%2Fwp%2Fv2%2Fproduct_cat&post=4257"},{"taxonomy":"product_tag","embeddable":true,"href":"https:\/\/sanlager.infozelt.de\/index.php?rest_route=%2Fwp%2Fv2%2Fproduct_tag&post=4257"}],"curies":[{"name":"wp","href":"https:\/\/api.w.org\/{rel}","templated":true}]}}