{"id":4251,"date":"2021-06-27T19:46:29","date_gmt":"2021-06-27T19:46:29","guid":{"rendered":"https:\/\/sanlager.infozelt.de\/?post_type=product&#038;p=4251"},"modified":"2022-03-25T20:36:16","modified_gmt":"2022-03-25T20:36:16","slug":"laryngoskopspatel","status":"publish","type":"product","link":"https:\/\/sanlager.infozelt.de\/?product=laryngoskopspatel","title":{"rendered":"Laryngoskopspatel"},"content":{"rendered":"<p>Laryngoskopspatel, verschiedene Ausf\u00fchrungen<\/p>\n","protected":false},"excerpt":{"rendered":"<p>Beh\u00e4ltnisse\/Fahrzeuge:<br \/>\nKiste Sondermodule, BlueBag, DocBag, KTW, GW San<\/p>\n<p>Die Modelle \u201e<em>ohne Birne<\/em>\u201c sind \u00fcblicherweise <strong>nur auf dem GW San<\/strong> verlastet. F\u00fcr diese ist das Modell \u201e<em>Laryngoskopgriff mit Birne (Kaltlicht)\u201c<\/em> erforderlich.<\/p>\n<p>Laryngoskopspatel ohne weitere Modellangabe entsprechen dem Modell <em>McIntosh<\/em>.<br \/>\nDie Modellvariante <em>Miller <\/em>(= gerade Ausf\u00fchrung)\u00a0wird zus\u00e4tzlich zur Gr\u00f6\u00dfe aufgef\u00fchrt.<\/p>\n<p><b>Zus\u00e4tzlich zur Bestellung ist eine Schadens- oder Verlustmeldung erforderlich!<\/b><\/p>\n","protected":false},"featured_media":0,"template":"","meta":[],"product_brand":[],"product_cat":[17,23,27,21],"product_tag":[],"class_list":{"0":"post-4251","1":"product","2":"type-product","3":"status-publish","5":"product_cat-gebrauchmaterial","6":"product_cat-gwsan","7":"product_cat-intensivkomponente","8":"product_cat-ktw","10":"first","11":"instock","12":"shipping-taxable","13":"purchasable","14":"product-type-variable"},"_links":{"self":[{"href":"https:\/\/sanlager.infozelt.de\/index.php?rest_route=\/wp\/v2\/product\/4251","targetHints":{"allow":["GET"]}}],"collection":[{"href":"https:\/\/sanlager.infozelt.de\/index.php?rest_route=\/wp\/v2\/product"}],"about":[{"href":"https:\/\/sanlager.infozelt.de\/index.php?rest_route=\/wp\/v2\/types\/product"}],"wp:attachment":[{"href":"https:\/\/sanlager.infozelt.de\/index.php?rest_route=%2Fwp%2Fv2%2Fmedia&parent=4251"}],"wp:term":[{"taxonomy":"product_brand","embeddable":true,"href":"https:\/\/sanlager.infozelt.de\/index.php?rest_route=%2Fwp%2Fv2%2Fproduct_brand&post=4251"},{"taxonomy":"product_cat","embeddable":true,"href":"https:\/\/sanlager.infozelt.de\/index.php?rest_route=%2Fwp%2Fv2%2Fproduct_cat&post=4251"},{"taxonomy":"product_tag","embeddable":true,"href":"https:\/\/sanlager.infozelt.de\/index.php?rest_route=%2Fwp%2Fv2%2Fproduct_tag&post=4251"}],"curies":[{"name":"wp","href":"https:\/\/api.w.org\/{rel}","templated":true}]}}