{"id":4226,"date":"2021-06-27T19:46:23","date_gmt":"2021-06-27T19:46:23","guid":{"rendered":"https:\/\/sanlager.infozelt.de\/?post_type=product&#038;p=4226"},"modified":"2022-03-31T19:05:59","modified_gmt":"2022-03-31T19:05:59","slug":"manv-markierung-farbbaender-set","status":"publish","type":"product","link":"https:\/\/sanlager.infozelt.de\/?product=manv-markierung-farbbaender-set","title":{"rendered":"MANV-Markierung (Farbb\u00e4nder, Set)"},"content":{"rendered":"<p><span data-sheets-value=\"{&quot;1&quot;:2,&quot;2&quot;:&quot;MANV-Markierung (Farbb\u00e4nder, Set). Bestellung ausschlie\u00dflich \u00fcber Malte P\u00fctz.&quot;}\" data-sheets-userformat=\"{&quot;2&quot;:513,&quot;3&quot;:{&quot;1&quot;:0},&quot;12&quot;:0}\">MANV-Markierung (Farbb\u00e4nder, Set)<\/span><\/p>\n","protected":false},"excerpt":{"rendered":"<p>Beh\u00e4ltnisse\/Fahrzeuge:<br \/>\nKiste Registrierung, RedBag, Fahrradtasche (chirurgisch)<\/p>\n","protected":false},"featured_media":0,"template":"","meta":[],"product_brand":[],"product_cat":[16],"product_tag":[],"class_list":{"0":"post-4226","1":"product","2":"type-product","3":"status-publish","5":"product_cat-verbrauchmaterial","7":"first","8":"instock","9":"shipping-taxable","10":"purchasable","11":"product-type-simple"},"_links":{"self":[{"href":"https:\/\/sanlager.infozelt.de\/index.php?rest_route=\/wp\/v2\/product\/4226","targetHints":{"allow":["GET"]}}],"collection":[{"href":"https:\/\/sanlager.infozelt.de\/index.php?rest_route=\/wp\/v2\/product"}],"about":[{"href":"https:\/\/sanlager.infozelt.de\/index.php?rest_route=\/wp\/v2\/types\/product"}],"wp:attachment":[{"href":"https:\/\/sanlager.infozelt.de\/index.php?rest_route=%2Fwp%2Fv2%2Fmedia&parent=4226"}],"wp:term":[{"taxonomy":"product_brand","embeddable":true,"href":"https:\/\/sanlager.infozelt.de\/index.php?rest_route=%2Fwp%2Fv2%2Fproduct_brand&post=4226"},{"taxonomy":"product_cat","embeddable":true,"href":"https:\/\/sanlager.infozelt.de\/index.php?rest_route=%2Fwp%2Fv2%2Fproduct_cat&post=4226"},{"taxonomy":"product_tag","embeddable":true,"href":"https:\/\/sanlager.infozelt.de\/index.php?rest_route=%2Fwp%2Fv2%2Fproduct_tag&post=4226"}],"curies":[{"name":"wp","href":"https:\/\/api.w.org\/{rel}","templated":true}]}}