{"id":4225,"date":"2021-06-27T19:46:23","date_gmt":"2021-06-27T19:46:23","guid":{"rendered":"https:\/\/sanlager.infozelt.de\/?post_type=product&#038;p=4225"},"modified":"2022-03-26T12:44:13","modified_gmt":"2022-03-26T12:44:13","slug":"larynxtubus-spritze-farbcodiert","status":"publish","type":"product","link":"https:\/\/sanlager.infozelt.de\/?product=larynxtubus-spritze-farbcodiert","title":{"rendered":"Larynxtubus-Blockerspritze Gr. 3 &#8211; 5"},"content":{"rendered":"<p>Blockerspritze f\u00fcr Larynxtuben der Gr\u00f6\u00dfen 3 bis 5<\/p>\n","protected":false},"excerpt":{"rendered":"<p>Beh\u00e4ltnisse\/Fahrzeuge:<br \/>\nKiste Erstversorgung, RedBag, Fahrradtasche (internistisch), KTW<\/p>\n","protected":false},"featured_media":0,"template":"","meta":[],"product_brand":[],"product_cat":[21,16],"product_tag":[],"class_list":{"0":"post-4225","1":"product","2":"type-product","3":"status-publish","5":"product_cat-ktw","6":"product_cat-verbrauchmaterial","8":"first","9":"instock","10":"shipping-taxable","11":"purchasable","12":"product-type-simple"},"_links":{"self":[{"href":"https:\/\/sanlager.infozelt.de\/index.php?rest_route=\/wp\/v2\/product\/4225","targetHints":{"allow":["GET"]}}],"collection":[{"href":"https:\/\/sanlager.infozelt.de\/index.php?rest_route=\/wp\/v2\/product"}],"about":[{"href":"https:\/\/sanlager.infozelt.de\/index.php?rest_route=\/wp\/v2\/types\/product"}],"wp:attachment":[{"href":"https:\/\/sanlager.infozelt.de\/index.php?rest_route=%2Fwp%2Fv2%2Fmedia&parent=4225"}],"wp:term":[{"taxonomy":"product_brand","embeddable":true,"href":"https:\/\/sanlager.infozelt.de\/index.php?rest_route=%2Fwp%2Fv2%2Fproduct_brand&post=4225"},{"taxonomy":"product_cat","embeddable":true,"href":"https:\/\/sanlager.infozelt.de\/index.php?rest_route=%2Fwp%2Fv2%2Fproduct_cat&post=4225"},{"taxonomy":"product_tag","embeddable":true,"href":"https:\/\/sanlager.infozelt.de\/index.php?rest_route=%2Fwp%2Fv2%2Fproduct_tag&post=4225"}],"curies":[{"name":"wp","href":"https:\/\/api.w.org\/{rel}","templated":true}]}}