{"id":4212,"date":"2021-06-27T19:46:23","date_gmt":"2021-06-27T19:46:23","guid":{"rendered":"https:\/\/sanlager.infozelt.de\/?post_type=product&#038;p=4212"},"modified":"2025-11-26T19:12:38","modified_gmt":"2025-11-26T19:12:38","slug":"aed-elektroden-paar","status":"publish","type":"product","link":"https:\/\/sanlager.infozelt.de\/?product=aed-elektroden-paar","title":{"rendered":"AED-Elektroden"},"content":{"rendered":"<p>AED-Elektroden, Paar (verschiedene Gr\u00f6\u00dfen und Ausf\u00fchrungen)<\/p>\n<p>Ger\u00e4te:<br \/>\nZoll AED Pro \/ Plus = gr\u00fcner AED<br \/>\nLifepak \/ Medtronic CrPlus = gelb-schwarzer AED<br \/>\nLifepak \/ Medtronic CR2 = wei\u00dfer AED<\/p>\n","protected":false},"excerpt":{"rendered":"<p>Beh\u00e4ltnisse\/Fahrzeuge:<br \/>\nAED, KTW, GW San<\/p>\n","protected":false},"featured_media":0,"template":"","meta":[],"product_brand":[],"product_cat":[23,21,16],"product_tag":[],"class_list":{"0":"post-4212","1":"product","2":"type-product","3":"status-publish","5":"product_cat-gwsan","6":"product_cat-ktw","7":"product_cat-verbrauchmaterial","9":"first","10":"instock","11":"shipping-taxable","12":"purchasable","13":"product-type-variable"},"_links":{"self":[{"href":"https:\/\/sanlager.infozelt.de\/index.php?rest_route=\/wp\/v2\/product\/4212","targetHints":{"allow":["GET"]}}],"collection":[{"href":"https:\/\/sanlager.infozelt.de\/index.php?rest_route=\/wp\/v2\/product"}],"about":[{"href":"https:\/\/sanlager.infozelt.de\/index.php?rest_route=\/wp\/v2\/types\/product"}],"wp:attachment":[{"href":"https:\/\/sanlager.infozelt.de\/index.php?rest_route=%2Fwp%2Fv2%2Fmedia&parent=4212"}],"wp:term":[{"taxonomy":"product_brand","embeddable":true,"href":"https:\/\/sanlager.infozelt.de\/index.php?rest_route=%2Fwp%2Fv2%2Fproduct_brand&post=4212"},{"taxonomy":"product_cat","embeddable":true,"href":"https:\/\/sanlager.infozelt.de\/index.php?rest_route=%2Fwp%2Fv2%2Fproduct_cat&post=4212"},{"taxonomy":"product_tag","embeddable":true,"href":"https:\/\/sanlager.infozelt.de\/index.php?rest_route=%2Fwp%2Fv2%2Fproduct_tag&post=4212"}],"curies":[{"name":"wp","href":"https:\/\/api.w.org\/{rel}","templated":true}]}}