{"id":4207,"date":"2021-06-27T19:46:23","date_gmt":"2021-06-27T19:46:23","guid":{"rendered":"https:\/\/sanlager.infozelt.de\/?post_type=product&#038;p=4207"},"modified":"2025-10-01T14:00:03","modified_gmt":"2025-10-01T14:00:03","slug":"wundschnellverband","status":"publish","type":"product","link":"https:\/\/sanlager.infozelt.de\/?product=wundschnellverband","title":{"rendered":"Wundschnellverband"},"content":{"rendered":"<p>Wundschnellverband, verschiedene Ausf\u00fchrungen:<br \/>\n&#8211; Fingerkuppenverband <em>(GW San)<\/em><br \/>\n&#8211; Fingerverband 2 x 18 cm <em>(KTW)<\/em> = Wundschnellverband 2 x 18 cm <em>(GW San)<\/em><br \/>\n&#8211; Pflaster-Set f\u00fcr DIN F\u00fcllungen = 4x Fingerkuppenverband, 4x Fingerverband (2 x 18 cm), 12x Pflasterstrip (1,9\/2,5 x 7,2 cm) <em>(KTW)<\/em><br \/>\n&#8211; Pflasterstrips 1,9 bzw. 2,5 x 7,2 cm; Packung a 10 St\u00fcck <em>(GW San, KTW &#8220;Pflasterstrip-Sortiment&#8221;)<\/em><br \/>\n&#8211; Wundschnellverband 6 x 10 cm; Packung a 8 St\u00fcck <em>(KTW, GW San)<\/em><br \/>\n&#8211; Wundschnellverband 8 x 10 cm; Packung a 10 St\u00fcck <em>(KTW)<\/em><br \/>\n&#8211; Wundschnellverband 5 m x 8 cm; 1 Packung <em>(Kiste Erstversorgung, Kiste Ersatzmaterial, RedBag, Fahrradtasche (chirurgisch), KTW)<\/em><\/p>\n","protected":false},"excerpt":{"rendered":"<p>Beh\u00e4ltnisse\/Fahrzeuge:<br \/>\nKiste Erstversorgung, Kiste Ersatzmaterial, RedBag, Fahrradtasche (chirurgisch), KTW, GW San<\/p>\n<p><strong>Bitte auch die Hinweise zu den Gr\u00f6\u00dfen und Mengen sowie der Zuordnung zu Beh\u00e4ltnissen\/Fahrzeugen in der Artikelbeschreibung (weiter unten) beachten.<\/strong><\/p>\n","protected":false},"featured_media":0,"template":"","meta":[],"product_brand":[],"product_cat":[23,21,16],"product_tag":[],"class_list":{"0":"post-4207","1":"product","2":"type-product","3":"status-publish","5":"product_cat-gwsan","6":"product_cat-ktw","7":"product_cat-verbrauchmaterial","9":"first","10":"instock","11":"shipping-taxable","12":"purchasable","13":"product-type-variable"},"_links":{"self":[{"href":"https:\/\/sanlager.infozelt.de\/index.php?rest_route=\/wp\/v2\/product\/4207","targetHints":{"allow":["GET"]}}],"collection":[{"href":"https:\/\/sanlager.infozelt.de\/index.php?rest_route=\/wp\/v2\/product"}],"about":[{"href":"https:\/\/sanlager.infozelt.de\/index.php?rest_route=\/wp\/v2\/types\/product"}],"wp:attachment":[{"href":"https:\/\/sanlager.infozelt.de\/index.php?rest_route=%2Fwp%2Fv2%2Fmedia&parent=4207"}],"wp:term":[{"taxonomy":"product_brand","embeddable":true,"href":"https:\/\/sanlager.infozelt.de\/index.php?rest_route=%2Fwp%2Fv2%2Fproduct_brand&post=4207"},{"taxonomy":"product_cat","embeddable":true,"href":"https:\/\/sanlager.infozelt.de\/index.php?rest_route=%2Fwp%2Fv2%2Fproduct_cat&post=4207"},{"taxonomy":"product_tag","embeddable":true,"href":"https:\/\/sanlager.infozelt.de\/index.php?rest_route=%2Fwp%2Fv2%2Fproduct_tag&post=4207"}],"curies":[{"name":"wp","href":"https:\/\/api.w.org\/{rel}","templated":true}]}}