{"id":4206,"date":"2021-06-27T19:46:22","date_gmt":"2021-06-27T19:46:22","guid":{"rendered":"https:\/\/sanlager.infozelt.de\/?post_type=product&#038;p=4206"},"modified":"2022-03-26T20:48:35","modified_gmt":"2022-03-26T20:48:35","slug":"vollelektrolytloesung-500-ml","status":"publish","type":"product","link":"https:\/\/sanlager.infozelt.de\/?product=vollelektrolytloesung-500-ml","title":{"rendered":"Vollelektrolytl\u00f6sung (500 ml)"},"content":{"rendered":"<p>Vollelektrolytl\u00f6sung (500 ml), VEL, Elektrolytl\u00f6sung, Volumenersatzl\u00f6sung, Infusionsl\u00f6sung<\/p>\n","protected":false},"excerpt":{"rendered":"<p>Beh\u00e4ltnisse\/Fahrzeuge:<br \/>\nKiste Erstversorgung, Kiste Ersatzmaterial, Kiste Intensivplatz, Medikamentenset BlueBag, DocBag, KTW, GW San<\/p>\n<p><b>Zus\u00e4tzlich zur Bestellung muss bei Abholung der ausgef\u00fcllte Verwendungs- oder Verfallsnachweis abgegeben werden!<\/b><\/p>\n","protected":false},"featured_media":0,"template":"","meta":[],"product_brand":[],"product_cat":[23,21,18],"product_tag":[],"class_list":{"0":"post-4206","1":"product","2":"type-product","3":"status-publish","5":"product_cat-gwsan","6":"product_cat-ktw","7":"product_cat-medikament","9":"first","10":"instock","11":"shipping-taxable","12":"purchasable","13":"product-type-simple"},"_links":{"self":[{"href":"https:\/\/sanlager.infozelt.de\/index.php?rest_route=\/wp\/v2\/product\/4206","targetHints":{"allow":["GET"]}}],"collection":[{"href":"https:\/\/sanlager.infozelt.de\/index.php?rest_route=\/wp\/v2\/product"}],"about":[{"href":"https:\/\/sanlager.infozelt.de\/index.php?rest_route=\/wp\/v2\/types\/product"}],"wp:attachment":[{"href":"https:\/\/sanlager.infozelt.de\/index.php?rest_route=%2Fwp%2Fv2%2Fmedia&parent=4206"}],"wp:term":[{"taxonomy":"product_brand","embeddable":true,"href":"https:\/\/sanlager.infozelt.de\/index.php?rest_route=%2Fwp%2Fv2%2Fproduct_brand&post=4206"},{"taxonomy":"product_cat","embeddable":true,"href":"https:\/\/sanlager.infozelt.de\/index.php?rest_route=%2Fwp%2Fv2%2Fproduct_cat&post=4206"},{"taxonomy":"product_tag","embeddable":true,"href":"https:\/\/sanlager.infozelt.de\/index.php?rest_route=%2Fwp%2Fv2%2Fproduct_tag&post=4206"}],"curies":[{"name":"wp","href":"https:\/\/api.w.org\/{rel}","templated":true}]}}