{"id":4205,"date":"2021-06-27T19:46:22","date_gmt":"2021-06-27T19:46:22","guid":{"rendered":"https:\/\/sanlager.infozelt.de\/?post_type=product&#038;p=4205"},"modified":"2022-03-26T17:26:39","modified_gmt":"2022-03-26T17:26:39","slug":"vliesstofftuecher-rolle","status":"publish","type":"product","link":"https:\/\/sanlager.infozelt.de\/?product=vliesstofftuecher-rolle","title":{"rendered":"Vliesstofft\u00fccher"},"content":{"rendered":"<p>Vliesstofft\u00fccher (Rolle) f\u00fcr die Desinfektion<br \/>\nVliesstofft\u00fccher (Packung a 10 St\u00fcck) f\u00fcr KTW-Verbandkasten und Rucksack des GW San<\/p>\n","protected":false},"excerpt":{"rendered":"<p><em>Bitte beachten:<\/em><br \/>\nDie Vliesstofft\u00fccher und die Desinfektionsmitteleimer sind nur noch f\u00fcr die Verwendung des Fl\u00e4chendesinfektionsmittels &#8220;Kohrsolin&#8221; erforderlich.<br \/>\n<strong>Das Fl\u00e4chendesinfektionsmittel &#8220;Bacillol&#8221; wird ab sofort als gebrauchsfertige T\u00fccher in einer Dose bzw. im Nachf\u00fcllpack ausgegeben.<\/strong><\/p>\n<p>Das Produkt <em>&#8220;Vliesstofft\u00fccher (Packung a 10 St\u00fcck)&#8221;<\/em> ist nur f\u00fcr den KTW-Verbandkasten und den Rucksack des GW San.<\/p>\n","protected":false},"featured_media":0,"template":"","meta":[],"product_brand":[],"product_cat":[23,21,16],"product_tag":[],"class_list":{"0":"post-4205","1":"product","2":"type-product","3":"status-publish","5":"product_cat-gwsan","6":"product_cat-ktw","7":"product_cat-verbrauchmaterial","9":"first","10":"instock","11":"shipping-taxable","12":"purchasable","13":"product-type-variable"},"_links":{"self":[{"href":"https:\/\/sanlager.infozelt.de\/index.php?rest_route=\/wp\/v2\/product\/4205","targetHints":{"allow":["GET"]}}],"collection":[{"href":"https:\/\/sanlager.infozelt.de\/index.php?rest_route=\/wp\/v2\/product"}],"about":[{"href":"https:\/\/sanlager.infozelt.de\/index.php?rest_route=\/wp\/v2\/types\/product"}],"wp:attachment":[{"href":"https:\/\/sanlager.infozelt.de\/index.php?rest_route=%2Fwp%2Fv2%2Fmedia&parent=4205"}],"wp:term":[{"taxonomy":"product_brand","embeddable":true,"href":"https:\/\/sanlager.infozelt.de\/index.php?rest_route=%2Fwp%2Fv2%2Fproduct_brand&post=4205"},{"taxonomy":"product_cat","embeddable":true,"href":"https:\/\/sanlager.infozelt.de\/index.php?rest_route=%2Fwp%2Fv2%2Fproduct_cat&post=4205"},{"taxonomy":"product_tag","embeddable":true,"href":"https:\/\/sanlager.infozelt.de\/index.php?rest_route=%2Fwp%2Fv2%2Fproduct_tag&post=4205"}],"curies":[{"name":"wp","href":"https:\/\/api.w.org\/{rel}","templated":true}]}}