{"id":4190,"date":"2021-06-27T19:46:16","date_gmt":"2021-06-27T19:46:16","guid":{"rendered":"https:\/\/sanlager.infozelt.de\/?post_type=product&#038;p=4190"},"modified":"2022-03-25T15:59:08","modified_gmt":"2022-03-25T15:59:08","slug":"kaelte-sofort-kompresse","status":"publish","type":"product","link":"https:\/\/sanlager.infozelt.de\/?product=kaelte-sofort-kompresse","title":{"rendered":"K\u00e4lte-Sofort-Kompresse"},"content":{"rendered":"<p>K\u00e4lte-Sofort-Kompresse, K\u00e4ltesofortkompresse, K\u00fchlpack, K\u00fchlkompressen<\/p>\n","protected":false},"excerpt":{"rendered":"<p>Beh\u00e4ltnisse\/Fahrzeuge:<br \/>\nKiste Erstversorgung, Kiste Ersatzmaterial, RedBag, Fahrradtasche (chirurgisch), KTW, GW San<\/p>\n<p><strong>Unter Anzahl bitte die St\u00fcckzahl angeben.<\/strong><br \/>\n<em>Ein Karton entspricht aktuell 12 St\u00fcck.<\/em><\/p>\n","protected":false},"featured_media":0,"template":"","meta":[],"product_brand":[],"product_cat":[23,21,16],"product_tag":[],"class_list":{"0":"post-4190","1":"product","2":"type-product","3":"status-publish","5":"product_cat-gwsan","6":"product_cat-ktw","7":"product_cat-verbrauchmaterial","9":"first","10":"instock","11":"shipping-taxable","12":"purchasable","13":"product-type-simple"},"_links":{"self":[{"href":"https:\/\/sanlager.infozelt.de\/index.php?rest_route=\/wp\/v2\/product\/4190","targetHints":{"allow":["GET"]}}],"collection":[{"href":"https:\/\/sanlager.infozelt.de\/index.php?rest_route=\/wp\/v2\/product"}],"about":[{"href":"https:\/\/sanlager.infozelt.de\/index.php?rest_route=\/wp\/v2\/types\/product"}],"wp:attachment":[{"href":"https:\/\/sanlager.infozelt.de\/index.php?rest_route=%2Fwp%2Fv2%2Fmedia&parent=4190"}],"wp:term":[{"taxonomy":"product_brand","embeddable":true,"href":"https:\/\/sanlager.infozelt.de\/index.php?rest_route=%2Fwp%2Fv2%2Fproduct_brand&post=4190"},{"taxonomy":"product_cat","embeddable":true,"href":"https:\/\/sanlager.infozelt.de\/index.php?rest_route=%2Fwp%2Fv2%2Fproduct_cat&post=4190"},{"taxonomy":"product_tag","embeddable":true,"href":"https:\/\/sanlager.infozelt.de\/index.php?rest_route=%2Fwp%2Fv2%2Fproduct_tag&post=4190"}],"curies":[{"name":"wp","href":"https:\/\/api.w.org\/{rel}","templated":true}]}}