{"id":4184,"date":"2021-06-27T19:46:16","date_gmt":"2021-06-27T19:46:16","guid":{"rendered":"https:\/\/sanlager.infozelt.de\/?post_type=product&#038;p=4184"},"modified":"2022-03-25T19:41:48","modified_gmt":"2022-03-25T19:41:48","slug":"kanuele","status":"publish","type":"product","link":"https:\/\/sanlager.infozelt.de\/?product=kanuele","title":{"rendered":"Kan\u00fcle"},"content":{"rendered":"<p>Kan\u00fcle, verschiedene Formen und Gr\u00f6\u00dfen;<br \/>\nEinmalkan\u00fcle BD Eclipse<\/p>\n","protected":false},"excerpt":{"rendered":"<p>Beh\u00e4ltnisse\/Fahrzeuge:<br \/>\nKiste Sondermodule, Kiste Intensivplatz, BlueBag, DocBag, KTW<\/p>\n<p><em>Die Kan\u00fcle &#8220;Applikation&#8221; entspricht der Kan\u00fcle &#8220;21G (gr\u00fcn)&#8221;.<br \/>\nDie angegebene Farbcodierung kann bei der Kan\u00fcle 18G abweichen.<\/em><\/p>\n","protected":false},"featured_media":0,"template":"","meta":[],"product_brand":[],"product_cat":[27,21,16],"product_tag":[],"class_list":{"0":"post-4184","1":"product","2":"type-product","3":"status-publish","5":"product_cat-intensivkomponente","6":"product_cat-ktw","7":"product_cat-verbrauchmaterial","9":"first","10":"instock","11":"shipping-taxable","12":"purchasable","13":"product-type-variable"},"_links":{"self":[{"href":"https:\/\/sanlager.infozelt.de\/index.php?rest_route=\/wp\/v2\/product\/4184","targetHints":{"allow":["GET"]}}],"collection":[{"href":"https:\/\/sanlager.infozelt.de\/index.php?rest_route=\/wp\/v2\/product"}],"about":[{"href":"https:\/\/sanlager.infozelt.de\/index.php?rest_route=\/wp\/v2\/types\/product"}],"wp:attachment":[{"href":"https:\/\/sanlager.infozelt.de\/index.php?rest_route=%2Fwp%2Fv2%2Fmedia&parent=4184"}],"wp:term":[{"taxonomy":"product_brand","embeddable":true,"href":"https:\/\/sanlager.infozelt.de\/index.php?rest_route=%2Fwp%2Fv2%2Fproduct_brand&post=4184"},{"taxonomy":"product_cat","embeddable":true,"href":"https:\/\/sanlager.infozelt.de\/index.php?rest_route=%2Fwp%2Fv2%2Fproduct_cat&post=4184"},{"taxonomy":"product_tag","embeddable":true,"href":"https:\/\/sanlager.infozelt.de\/index.php?rest_route=%2Fwp%2Fv2%2Fproduct_tag&post=4184"}],"curies":[{"name":"wp","href":"https:\/\/api.w.org\/{rel}","templated":true}]}}