{"id":4178,"date":"2021-06-27T19:46:15","date_gmt":"2021-06-27T19:46:15","guid":{"rendered":"https:\/\/sanlager.infozelt.de\/?post_type=product&#038;p=4178"},"modified":"2025-10-01T12:52:00","modified_gmt":"2025-10-01T12:52:00","slug":"eimer-fuer-vliesstofftuecher","status":"publish","type":"product","link":"https:\/\/sanlager.infozelt.de\/?product=eimer-fuer-vliesstofftuecher","title":{"rendered":"Desinfektionsmitteleimer f\u00fcr Vliesstofft\u00fccher"},"content":{"rendered":"<p>Desinfektionsmitteleimer f\u00fcr Vliesstofft\u00fccher<\/p>\n","protected":false},"excerpt":{"rendered":"<p><em>Bitte beachten:<\/em><br \/>\nDie Vliesstofft\u00fccher und die Desinfektionsmitteleimer sind nur noch f\u00fcr die Verwendung des Fl\u00e4chendesinfektionsmittels &#8220;Kohrsolin&#8221; erforderlich.<br \/>\n<strong>Das Fl\u00e4chendesinfektionsmittel &#8220;Bacillol&#8221; wird ab sofort als gebrauchsfertige T\u00fccher in einer Dose bzw. im Nachf\u00fcllpack ausgegeben.<\/strong><\/p>\n<p><b>Zus\u00e4tzlich zur Bestellung ist eine Schadens- oder Verlustmeldung erforderlich!<\/b><\/p>\n","protected":false},"featured_media":0,"template":"","meta":[],"product_brand":[],"product_cat":[17],"product_tag":[],"class_list":{"0":"post-4178","1":"product","2":"type-product","3":"status-publish","5":"product_cat-gebrauchmaterial","7":"first","8":"instock","9":"shipping-taxable","10":"purchasable","11":"product-type-simple"},"_links":{"self":[{"href":"https:\/\/sanlager.infozelt.de\/index.php?rest_route=\/wp\/v2\/product\/4178","targetHints":{"allow":["GET"]}}],"collection":[{"href":"https:\/\/sanlager.infozelt.de\/index.php?rest_route=\/wp\/v2\/product"}],"about":[{"href":"https:\/\/sanlager.infozelt.de\/index.php?rest_route=\/wp\/v2\/types\/product"}],"wp:attachment":[{"href":"https:\/\/sanlager.infozelt.de\/index.php?rest_route=%2Fwp%2Fv2%2Fmedia&parent=4178"}],"wp:term":[{"taxonomy":"product_brand","embeddable":true,"href":"https:\/\/sanlager.infozelt.de\/index.php?rest_route=%2Fwp%2Fv2%2Fproduct_brand&post=4178"},{"taxonomy":"product_cat","embeddable":true,"href":"https:\/\/sanlager.infozelt.de\/index.php?rest_route=%2Fwp%2Fv2%2Fproduct_cat&post=4178"},{"taxonomy":"product_tag","embeddable":true,"href":"https:\/\/sanlager.infozelt.de\/index.php?rest_route=%2Fwp%2Fv2%2Fproduct_tag&post=4178"}],"curies":[{"name":"wp","href":"https:\/\/api.w.org\/{rel}","templated":true}]}}