{"id":4140,"date":"2021-06-27T19:46:09","date_gmt":"2021-06-27T19:46:09","guid":{"rendered":"https:\/\/sanlager.infozelt.de\/?post_type=product&#038;p=4140"},"modified":"2022-03-26T17:07:17","modified_gmt":"2022-03-26T17:07:17","slug":"venenverweilkanuele","status":"publish","type":"product","link":"https:\/\/sanlager.infozelt.de\/?product=venenverweilkanuele","title":{"rendered":"Venenverweilkan\u00fcle"},"content":{"rendered":"<p>Venenverweilkan\u00fcle, Viggo, Vasofix safety, verschiedene Gr\u00f6\u00dfen<\/p>\n","protected":false},"excerpt":{"rendered":"<p>Beh\u00e4ltnisse\/Fahrzeuge:<br \/>\nKiste Erstversorgung, Kiste Sondermodule, Kiste Ersatzmaterial, BlueBag, DocBag, KTW, GW San<\/p>\n","protected":false},"featured_media":0,"template":"","meta":[],"product_brand":[],"product_cat":[23,27,21,16],"product_tag":[],"class_list":{"0":"post-4140","1":"product","2":"type-product","3":"status-publish","5":"product_cat-gwsan","6":"product_cat-intensivkomponente","7":"product_cat-ktw","8":"product_cat-verbrauchmaterial","10":"first","11":"instock","12":"shipping-taxable","13":"purchasable","14":"product-type-variable"},"_links":{"self":[{"href":"https:\/\/sanlager.infozelt.de\/index.php?rest_route=\/wp\/v2\/product\/4140","targetHints":{"allow":["GET"]}}],"collection":[{"href":"https:\/\/sanlager.infozelt.de\/index.php?rest_route=\/wp\/v2\/product"}],"about":[{"href":"https:\/\/sanlager.infozelt.de\/index.php?rest_route=\/wp\/v2\/types\/product"}],"wp:attachment":[{"href":"https:\/\/sanlager.infozelt.de\/index.php?rest_route=%2Fwp%2Fv2%2Fmedia&parent=4140"}],"wp:term":[{"taxonomy":"product_brand","embeddable":true,"href":"https:\/\/sanlager.infozelt.de\/index.php?rest_route=%2Fwp%2Fv2%2Fproduct_brand&post=4140"},{"taxonomy":"product_cat","embeddable":true,"href":"https:\/\/sanlager.infozelt.de\/index.php?rest_route=%2Fwp%2Fv2%2Fproduct_cat&post=4140"},{"taxonomy":"product_tag","embeddable":true,"href":"https:\/\/sanlager.infozelt.de\/index.php?rest_route=%2Fwp%2Fv2%2Fproduct_tag&post=4140"}],"curies":[{"name":"wp","href":"https:\/\/api.w.org\/{rel}","templated":true}]}}