{"id":4102,"date":"2021-06-27T19:46:03","date_gmt":"2021-06-27T19:46:03","guid":{"rendered":"https:\/\/sanlager.infozelt.de\/?post_type=product&#038;p=4102"},"modified":"2025-10-01T12:51:02","modified_gmt":"2025-10-01T12:51:02","slug":"desinfektionsmittel","status":"publish","type":"product","link":"https:\/\/sanlager.infozelt.de\/?product=desinfektionsmittel","title":{"rendered":"Desinfektionsmittel"},"content":{"rendered":"<p>Desinfektionsmittel, verschiedene Gr\u00f6\u00dfen und Anwendungsbereiche<\/p>\n<p>Aktuell verwendete Produkte:<br \/>\n<em>Desinfektionsmittel Fl\u00e4che<\/em><br \/>\n&#8211; T\u00fccher, gebrauchsfertig (Dose) = Bacillol Tissues<br \/>\n&#8211; T\u00fccher, gebrauchsfertig (Nachf\u00fcllpack) = Bacillol Tissues &#8211; <strong>Hierf\u00fcr ist eine leere Bacillol Tissues Dose erforderlich!<br \/>\n<\/strong>&#8211; Konzentrat = Kohrsolin<\/p>\n<p><em>Desinfektionsmittel H\u00e4nde<\/em><br \/>\n&#8211; H\u00e4nde, gro\u00df = Sterillium<br \/>\n&#8211; H\u00e4nde, gro\u00df, virugard = Sterillium virugard<br \/>\n&#8211; H\u00e4nde, klein = Sterillium<\/p>\n<p>Desinfektionsmittel Haut = Cutasept F<\/p>\n<p>&nbsp;<\/p>\n","protected":false},"excerpt":{"rendered":"<p>Beh\u00e4ltnisse\/Fahrzeuge:<br \/>\nKiste Erstversorgung,\u00a0Kiste Ersatzmaterial,\u00a0Kiste Ruhepl\u00e4tze,\u00a0Kiste Hygiene,\u00a0Kiste Registrierung, RedBag, BlueBag, DocBag, Fahrradtasche (internistisch), Fahrradtasche (chirurgisch), KTW, GW San<\/p>\n<p><strong>Das Fl\u00e4chendesinfektionsmittel &#8220;Bacillol&#8221; wird ab sofort als gebrauchsfertige T\u00fccher in einer Dose bzw. im Nachf\u00fcllpack ausgegeben.<\/strong><\/p>\n","protected":false},"featured_media":0,"template":"","meta":[],"product_brand":[],"product_cat":[23,27,21,16],"product_tag":[],"class_list":{"0":"post-4102","1":"product","2":"type-product","3":"status-publish","5":"product_cat-gwsan","6":"product_cat-intensivkomponente","7":"product_cat-ktw","8":"product_cat-verbrauchmaterial","10":"first","11":"instock","12":"shipping-taxable","13":"purchasable","14":"product-type-variable"},"_links":{"self":[{"href":"https:\/\/sanlager.infozelt.de\/index.php?rest_route=\/wp\/v2\/product\/4102","targetHints":{"allow":["GET"]}}],"collection":[{"href":"https:\/\/sanlager.infozelt.de\/index.php?rest_route=\/wp\/v2\/product"}],"about":[{"href":"https:\/\/sanlager.infozelt.de\/index.php?rest_route=\/wp\/v2\/types\/product"}],"wp:attachment":[{"href":"https:\/\/sanlager.infozelt.de\/index.php?rest_route=%2Fwp%2Fv2%2Fmedia&parent=4102"}],"wp:term":[{"taxonomy":"product_brand","embeddable":true,"href":"https:\/\/sanlager.infozelt.de\/index.php?rest_route=%2Fwp%2Fv2%2Fproduct_brand&post=4102"},{"taxonomy":"product_cat","embeddable":true,"href":"https:\/\/sanlager.infozelt.de\/index.php?rest_route=%2Fwp%2Fv2%2Fproduct_cat&post=4102"},{"taxonomy":"product_tag","embeddable":true,"href":"https:\/\/sanlager.infozelt.de\/index.php?rest_route=%2Fwp%2Fv2%2Fproduct_tag&post=4102"}],"curies":[{"name":"wp","href":"https:\/\/api.w.org\/{rel}","templated":true}]}}